{"id":5088,"date":"2021-10-28T10:31:00","date_gmt":"2021-10-28T08:31:00","guid":{"rendered":"https:\/\/www.laineriedumonde.ch\/legal-notice\/"},"modified":"2021-10-28T10:31:00","modified_gmt":"2021-10-28T08:31:00","slug":"legal-notice","status":"publish","type":"page","link":"https:\/\/www.laineriedumonde.ch\/en\/legal-notice\/","title":{"rendered":"Legal Notice"},"content":{"rendered":"\t\t<div data-elementor-type=\"wp-page\" data-elementor-id=\"5088\" class=\"elementor elementor-5088 elementor-3330\" data-elementor-settings=\"[]\">\n\t\t\t\t\t\t<div class=\"elementor-inner\">\n\t\t\t\t\t\t\t<div class=\"elementor-section-wrap\">\n\t\t\t\t\t\t\t<section class=\"elementor-section elementor-top-section elementor-element elementor-element-1562ad2 elementor-section-boxed elementor-section-height-default elementor-section-height-default\" data-id=\"1562ad2\" data-element_type=\"section\">\n\t\t\t\t\t\t<div class=\"elementor-container elementor-column-gap-default\">\n\t\t\t\t\t\t\t<div class=\"elementor-row\">\n\t\t\t\t\t<div class=\"elementor-column elementor-col-100 elementor-top-column elementor-element elementor-element-7f0956d\" data-id=\"7f0956d\" data-element_type=\"column\">\n\t\t\t<div class=\"elementor-column-wrap--7f0956d elementor-column-wrap elementor-element-populated\">\n\t\t\t\t\t\t\t<div class=\"elementor-widget-wrap\">\n\t\t\t\t\t\t<div class=\"elementor-element elementor-element-d13855a elementor-widget elementor-widget-text-editor\" data-id=\"d13855a\" data-element_type=\"widget\" data-widget_type=\"text-editor.default\">\n\t\t\t\t<div class=\"elementor-widget-container\">\n\t\t\t\t\t<div class=\"elementor-text-editor elementor-clearfix\"><p><strong>Editor:<\/strong><\/p>\n<p>Xenos S\u00e0rl Limited liability company with share capital of 20,000 CHF<br \/>Head office: route des Jeunes 4, 1227 Les Acacias<br \/>N\u00b0 IDE &amp; VAT: CHE-392.731.975<br \/>E-mail: contact@xenos.swiss<\/p>\n<p>Director of publication: Company Xenos S\u00e0rl.<br \/>Design &amp; Development: Company Xenos S\u00e0rl.<\/p>\n<p><strong>Hosting :<\/strong><\/p>\n<p>Infomaniak, Rue Eug\u00e8ne-Marziano 25, 1227 Geneva, Switzerland <br \/>IDE &amp; VAT Number: CHE-103.167.648<\/p>\n<p><strong>Credits :<\/strong><\/p>\n<p>Ready-to-wear <br \/>Photographer: Stephane Daniel Schlup<\/p>\n<p><strong>Personal data :<\/strong><\/p>\n<p>The customer account information on laineriedumonde.ch is used exclusively in the context of the commercial relationship between the customer and Xenos S\u00e0rl. This information is never shared with third parties or resold.<\/p>\n<p>All personal information recorded on the site (address, purchases) is treated as strictly confidential. At any time, the customer can modify or delete his personal information in the &#8220;My Account&#8221; section.<\/p>\n<p>For any request concerning the rectification and \/ or erasure of personal data, the customer must send an email to customer service : <a href=\"mailto:contact@laineriedumonde.ch\">contact@laineriedumonde.ch<\/a>. Xenos S\u00e0rl reserves the right to request proof of identity from the customer in order to be able to take into account his request.<\/p>\n<\/div>\n\t\t\t\t<\/div>\n\t\t\t\t<\/div>\n\t\t\t\t\t\t<\/div>\n\t\t\t\t\t<\/div>\n\t\t<\/div>\n\t\t\t\t\t\t\t\t<\/div>\n\t\t\t\t\t<\/div>\n\t\t<\/section>\n\t\t\t\t\t\t<\/div>\n\t\t\t\t\t\t<\/div>\n\t\t\t\t\t<\/div>\n\t\t","protected":false},"excerpt":{"rendered":"<p>Editor: Xenos S\u00e0rl Limited liability company with share capital of 20,000 CHFHead office: route des Jeunes 4, 1227 Les AcaciasN\u00b0 IDE &amp; VAT: CHE-392.731.975E-mail: contact@xenos.swiss Director of publication: Company Xenos S\u00e0rl.Design &amp; Development: Company Xenos S\u00e0rl. Hosting : Infomaniak, Rue Eug\u00e8ne-Marziano 25, 1227 Geneva, Switzerland IDE &amp; VAT Number: CHE-103.167.648 Credits : Ready-to-wear Photographer: Stephane [&hellip;]<\/p>\n","protected":false},"author":1,"featured_media":0,"parent":0,"menu_order":0,"comment_status":"closed","ping_status":"closed","template":"","meta":[],"yoast_head":"<!-- This site is optimized with the Yoast SEO plugin v15.8 - https:\/\/yoast.com\/wordpress\/plugins\/seo\/ -->\n<title>Legal Notice - Lainerie du Monde<\/title>\n<meta name=\"robots\" content=\"noindex, nofollow\" \/>\n<meta property=\"og:locale\" content=\"en_US\" \/>\n<meta property=\"og:type\" content=\"article\" \/>\n<meta property=\"og:title\" content=\"Legal Notice - Lainerie du Monde\" \/>\n<meta property=\"og:description\" content=\"Editor: Xenos S\u00e0rl Limited liability company with share capital of 20,000 CHFHead office: route des Jeunes 4, 1227 Les AcaciasN\u00b0 IDE &amp; VAT: CHE-392.731.975E-mail: contact@xenos.swiss Director of publication: Company Xenos S\u00e0rl.Design &amp; Development: Company Xenos S\u00e0rl. Hosting : Infomaniak, Rue Eug\u00e8ne-Marziano 25, 1227 Geneva, Switzerland IDE &amp; VAT Number: CHE-103.167.648 Credits : Ready-to-wear Photographer: Stephane [&hellip;]\" \/>\n<meta property=\"og:url\" content=\"https:\/\/www.laineriedumonde.ch\/en\/legal-notice\/\" \/>\n<meta property=\"og:site_name\" content=\"Lainerie du Monde\" \/>\n<meta name=\"twitter:card\" content=\"summary_large_image\" \/>\n<meta name=\"twitter:label1\" content=\"Est. reading time\">\n\t<meta name=\"twitter:data1\" content=\"1 minute\">\n<script type=\"application\/ld+json\" class=\"yoast-schema-graph\">{\"@context\":\"https:\/\/schema.org\",\"@graph\":[{\"@type\":\"Organization\",\"@id\":\"https:\/\/www.laineriedumonde.ch\/#organization\",\"name\":\"Lainerie du Monde\",\"url\":\"https:\/\/www.laineriedumonde.ch\/\",\"sameAs\":[],\"logo\":{\"@type\":\"ImageObject\",\"@id\":\"https:\/\/www.laineriedumonde.ch\/#logo\",\"inLanguage\":\"en-US\",\"url\":\"https:\/\/www.laineriedumonde.ch\/wp-content\/uploads\/2020\/12\/Logo-Lainerie-Du-Monde.png\",\"width\":700,\"height\":90,\"caption\":\"Lainerie du Monde\"},\"image\":{\"@id\":\"https:\/\/www.laineriedumonde.ch\/#logo\"}},{\"@type\":\"WebSite\",\"@id\":\"https:\/\/www.laineriedumonde.ch\/#website\",\"url\":\"https:\/\/www.laineriedumonde.ch\/\",\"name\":\"Lainerie du Monde\",\"description\":\"L&#039;univers des Laines Rares\",\"publisher\":{\"@id\":\"https:\/\/www.laineriedumonde.ch\/#organization\"},\"potentialAction\":[{\"@type\":\"SearchAction\",\"target\":\"https:\/\/www.laineriedumonde.ch\/?s={search_term_string}\",\"query-input\":\"required name=search_term_string\"}],\"inLanguage\":\"en-US\"},{\"@type\":\"WebPage\",\"@id\":\"https:\/\/www.laineriedumonde.ch\/en\/legal-notice\/#webpage\",\"url\":\"https:\/\/www.laineriedumonde.ch\/en\/legal-notice\/\",\"name\":\"Legal Notice - Lainerie du Monde\",\"isPartOf\":{\"@id\":\"https:\/\/www.laineriedumonde.ch\/#website\"},\"datePublished\":\"2021-10-28T08:31:00+00:00\",\"dateModified\":\"2021-10-28T08:31:00+00:00\",\"breadcrumb\":{\"@id\":\"https:\/\/www.laineriedumonde.ch\/en\/legal-notice\/#breadcrumb\"},\"inLanguage\":\"en-US\",\"potentialAction\":[{\"@type\":\"ReadAction\",\"target\":[\"https:\/\/www.laineriedumonde.ch\/en\/legal-notice\/\"]}]},{\"@type\":\"BreadcrumbList\",\"@id\":\"https:\/\/www.laineriedumonde.ch\/en\/legal-notice\/#breadcrumb\",\"itemListElement\":[{\"@type\":\"ListItem\",\"position\":1,\"item\":{\"@type\":\"WebPage\",\"@id\":\"https:\/\/www.laineriedumonde.ch\/en\/\",\"url\":\"https:\/\/www.laineriedumonde.ch\/en\/\",\"name\":\"Accueil\"}},{\"@type\":\"ListItem\",\"position\":2,\"item\":{\"@type\":\"WebPage\",\"@id\":\"https:\/\/www.laineriedumonde.ch\/en\/legal-notice\/\",\"url\":\"https:\/\/www.laineriedumonde.ch\/en\/legal-notice\/\",\"name\":\"Legal Notice\"}}]}]}<\/script>\n<!-- \/ Yoast SEO plugin. -->","_links":{"self":[{"href":"https:\/\/www.laineriedumonde.ch\/en\/wp-json\/wp\/v2\/pages\/5088"}],"collection":[{"href":"https:\/\/www.laineriedumonde.ch\/en\/wp-json\/wp\/v2\/pages"}],"about":[{"href":"https:\/\/www.laineriedumonde.ch\/en\/wp-json\/wp\/v2\/types\/page"}],"author":[{"embeddable":true,"href":"https:\/\/www.laineriedumonde.ch\/en\/wp-json\/wp\/v2\/users\/1"}],"replies":[{"embeddable":true,"href":"https:\/\/www.laineriedumonde.ch\/en\/wp-json\/wp\/v2\/comments?post=5088"}],"version-history":[{"count":0,"href":"https:\/\/www.laineriedumonde.ch\/en\/wp-json\/wp\/v2\/pages\/5088\/revisions"}],"wp:attachment":[{"href":"https:\/\/www.laineriedumonde.ch\/en\/wp-json\/wp\/v2\/media?parent=5088"}],"curies":[{"name":"wp","href":"https:\/\/api.w.org\/{rel}","templated":true}]}}